{"id":2687,"date":"2023-02-10T12:16:57","date_gmt":"2023-02-10T11:16:57","guid":{"rendered":"https:\/\/plantmore.com\/?post_type=product&#038;p=2687"},"modified":"2023-02-16T11:19:29","modified_gmt":"2023-02-16T10:19:29","slug":"abonnement","status":"publish","type":"product","link":"https:\/\/plantmore.com\/de\/produkt\/abonnement\/","title":{"rendered":"Plant <br><span class=\"green\">Subscription.<\/span>"},"content":{"rendered":"<h4>Abonnieren und jeden Monat B\u00e4ume pflanzen<\/h4>\n<p>[contact-form-7 id=&#8220;1847&#8243; title=&#8220;Kontaktformul\u00e4r footer DE&#8220;]<\/p>\n<p>Dies ist eine umweltfreundliche und sinnvolle Alternative zur Black-Friday-Kampagne, ein &#8222;Green Friday&#8220;, Green Month oder eine ganzj\u00e4hrige Aktion \u2013 einfach f\u00fcr jede verkaufte Ware oder jede Bestellung einen Baum pflanzen. Auf diese Art bietet man seinen Kunden etwas anderes (als nur den Preis oder die Qualit\u00e4t)\u00a0und schafft gleichzeitig einen gr\u00fcnen Mehrwert.<\/p>\n<h3>100 % Pflanzgarantie! <img decoding=\"async\" class=\"emoji\" role=\"img\" src=\"https:\/\/s.w.org\/images\/core\/emoji\/13.1.0\/svg\/1f332.svg\" alt=\"\ud83c\udf32\" title=\"\"><\/h3>\n<p>Mit Plantmore.com k\u00f6nnen Sie 100\u00a0% sicher sein, dass Ihre bestellten B\u00e4ume tats\u00e4chlich gepflanzt werden. Wir besitzen unsere Anbaufl\u00e4chen selbst und haben so die volle Kontrolle \u00fcber sie. Dadurch wird die Pflanzung nachverfolgbar.<\/p>\n<p>&nbsp;<\/p>\n<p><strong>Preisplan Pflanzung:<\/strong><\/p>\n<p>Anzahl B\u00e4ume: <strong>Du entscheidest<\/strong><\/p>\n<p>CO2-Aussto\u00df: <strong>Wir empfehlen 20 B\u00e4ume pro Tonne CO<sub>2<\/sub>.<\/strong><\/p>\n<p>Kosten: <strong>190 : \u2013 SEK\/ 10 Pflanzung<\/strong><\/p>\n<p><em>Erfahren Sie mehr \u00fcber <a href=\"https:\/\/plantmore.com\/klimatkompensera\/\">Klimakompensationen<\/a>.<\/em><\/p>\n","protected":false},"excerpt":{"rendered":"<p>Abonnieren und jeden Monat B\u00e4ume pflanzen [contact-form-7 id=&#8220;1847&#8243; title=&#8220;Kontaktformul\u00e4r footer DE&#8220;] Dies ist eine umweltfreundliche und sinnvolle Alternative zur Black-Friday-Kampagne, ein &#8222;Green Friday&#8220;, Green Month oder eine ganzj\u00e4hrige Aktion \u2013 einfach f\u00fcr jede verkaufte Ware oder jede Bestellung einen Baum pflanzen. Auf diese Art bietet man seinen Kunden etwas anderes (als nur den Preis oder [&hellip;]<\/p>\n","protected":false},"featured_media":2690,"template":"","meta":{"_acf_changed":false},"product_cat":[39],"product_tag":[],"class_list":{"0":"post-2687","1":"product","2":"type-product","3":"status-publish","4":"has-post-thumbnail","6":"product_cat-unkategorisiert","8":"first","9":"instock","10":"featured","11":"taxable","12":"shipping-taxable","13":"purchasable","14":"product-type-simple"},"acf":[],"_links":{"self":[{"href":"https:\/\/plantmore.com\/de\/wp-json\/wp\/v2\/product\/2687","targetHints":{"allow":["GET"]}}],"collection":[{"href":"https:\/\/plantmore.com\/de\/wp-json\/wp\/v2\/product"}],"about":[{"href":"https:\/\/plantmore.com\/de\/wp-json\/wp\/v2\/types\/product"}],"wp:featuredmedia":[{"embeddable":true,"href":"https:\/\/plantmore.com\/de\/wp-json\/wp\/v2\/media\/2690"}],"wp:attachment":[{"href":"https:\/\/plantmore.com\/de\/wp-json\/wp\/v2\/media?parent=2687"}],"wp:term":[{"taxonomy":"product_cat","embeddable":true,"href":"https:\/\/plantmore.com\/de\/wp-json\/wp\/v2\/product_cat?post=2687"},{"taxonomy":"product_tag","embeddable":true,"href":"https:\/\/plantmore.com\/de\/wp-json\/wp\/v2\/product_tag?post=2687"}],"curies":[{"name":"wp","href":"https:\/\/api.w.org\/{rel}","templated":true}]}}