{"id":1170,"date":"2021-06-18T13:16:46","date_gmt":"2021-06-18T11:16:46","guid":{"rendered":"https:\/\/plantmore.com\/produkt\/plantera-klimatinvestera\/"},"modified":"2023-03-08T15:38:25","modified_gmt":"2023-03-08T14:38:25","slug":"plant-now","status":"publish","type":"product","link":"https:\/\/plantmore.com\/de\/produkt\/plant-now\/","title":{"rendered":"Plant <br><span class=\"green\">Now.<\/span>"},"content":{"rendered":"<h3>Pflanzen Sie B\u00e4ume f\u00fcr eine gr\u00fcne Zukunft!<\/h3>\n<p>Investieren Sie ins Klima, in neue B\u00e4ume, die ansonsten nicht gepflanzt worden w\u00e4ren \u2013 in Europa.<\/p>\n<p>Wir bezeichnen das, was wir tun, nicht als Klimakompensation, sondern als Investition ins Klima, da wir nicht glauben, dass Kompensationen alleine ausreichen und weil Pflanzungen mehr Auswirkungen als nur die Bindung von CO2 haben. Durch die neuen B\u00e4ume entstehen au\u00dferdem Rohstoffe der Zukunft, weshalb die Pflanzungen eine Art Zukunftsversicherung f\u00fcr das Unternehmen sind. Mit einer Pflanzung durch Plantmore.com tut Ihr Unternehmen unserem Planeten etwas Gutes. Wir helfen Ihnen dabei, die Pflanzungen zu kontrollieren und sorgen daf\u00fcr, dass alles richtig durchgef\u00fchrt wird.<\/p>\n<h3><span style=\"vertical-align: inherit;\"><strong>100\u00a0% Pflanzgarantie! <\/strong>\u00a0\ud83c\udf32<\/span><\/h3>\n<p>Mit Plantmore.com k\u00f6nnen Sie 100\u00a0% sicher sein, dass die von Ihnen bestellten B\u00e4ume auch tats\u00e4chlich gepflanzt werden. Dies k\u00f6nnen wir garantieren, da wir unsere Anbaufl\u00e4chen selbst besitzen und die volle Kontrolle \u00fcber sie haben.<\/p>\n<p><strong><span style=\"vertical-align: inherit;\"><span style=\"vertical-align: inherit;\">Preisplan Pflanzung:<\/span><\/span><\/strong><\/p>\n<p><span style=\"font-weight: 400;\"><strong>Anzahl B\u00e4ume<\/strong>: 1.000 St.<br \/>\n<\/span><strong>CO2-Bindung:<\/strong> 1 Tonne\/20 B\u00e4ume<br \/>\n<strong>Kosten:<\/strong> 19.000,\u2013 SEK\/1.000 Pflanzung<\/p>\n<p><em>Mehr zu unserer Meinung zu <a href=\"https:\/\/plantmore.com\/klimatkompensera\/\">Klimakompensationen<\/a>.<\/em><\/p>\n<p>&nbsp;<\/p>\n","protected":false},"excerpt":{"rendered":"<p>Pflanzen Sie B\u00e4ume f\u00fcr eine gr\u00fcne Zukunft! Investieren Sie ins Klima, in neue B\u00e4ume, die ansonsten nicht gepflanzt worden w\u00e4ren \u2013 in Europa. Wir bezeichnen das, was wir tun, nicht als Klimakompensation, sondern als Investition ins Klima, da wir nicht glauben, dass Kompensationen alleine ausreichen und weil Pflanzungen mehr Auswirkungen als nur die Bindung von [&hellip;]<\/p>\n","protected":false},"featured_media":919,"template":"","meta":{"_acf_changed":false},"product_cat":[39],"product_tag":[],"class_list":{"0":"post-1170","1":"product","2":"type-product","3":"status-publish","4":"has-post-thumbnail","6":"product_cat-unkategorisiert","8":"first","9":"instock","10":"taxable","11":"shipping-taxable","12":"purchasable","13":"product-type-simple"},"acf":[],"_links":{"self":[{"href":"https:\/\/plantmore.com\/de\/wp-json\/wp\/v2\/product\/1170","targetHints":{"allow":["GET"]}}],"collection":[{"href":"https:\/\/plantmore.com\/de\/wp-json\/wp\/v2\/product"}],"about":[{"href":"https:\/\/plantmore.com\/de\/wp-json\/wp\/v2\/types\/product"}],"wp:featuredmedia":[{"embeddable":true,"href":"https:\/\/plantmore.com\/de\/wp-json\/wp\/v2\/media\/919"}],"wp:attachment":[{"href":"https:\/\/plantmore.com\/de\/wp-json\/wp\/v2\/media?parent=1170"}],"wp:term":[{"taxonomy":"product_cat","embeddable":true,"href":"https:\/\/plantmore.com\/de\/wp-json\/wp\/v2\/product_cat?post=1170"},{"taxonomy":"product_tag","embeddable":true,"href":"https:\/\/plantmore.com\/de\/wp-json\/wp\/v2\/product_tag?post=1170"}],"curies":[{"name":"wp","href":"https:\/\/api.w.org\/{rel}","templated":true}]}}