{"id":1168,"date":"2021-06-21T14:41:23","date_gmt":"2021-06-21T12:41:23","guid":{"rendered":"https:\/\/plantmore.com\/produkt\/klimatinvestera-per-anstalld\/"},"modified":"2023-02-16T11:47:06","modified_gmt":"2023-02-16T10:47:06","slug":"plant-per-employee","status":"publish","type":"product","link":"https:\/\/plantmore.com\/de\/produkt\/plant-per-employee\/","title":{"rendered":"Plant <br><span class=\"green\">per Employee.<\/span>"},"content":{"rendered":"<p>Pflanzen Sie B\u00e4ume, um den privaten CO<sub>2<\/sub>-Aussto\u00df und die Umweltauswirkungen Ihres Personals pro Jahr auszugleichen.<br \/>\nPauschale Berechnung, basierend auf den privaten Auswirkungen einer Person w\u00e4hrend eines Kalenderjahres:<\/p>\n<p><strong>Preisplan Pflanzung:<\/strong><\/p>\n<p>Anzahl B\u00e4ume: <strong>160\u00a0St. pro Mitarbeiter und Jahr<\/strong><br \/>\nCO<sub>2<\/sub>-Aussto\u00df: <strong>\u2248 8 Tonnen pro Person und Jahr<\/strong><br \/>\nKosten: <strong>3040,\u2013 SEK (\u20ac34) pro Mitarbeiter im Jahr<\/strong><\/p>\n<p><em>B\u00e4ume f\u00fcr die Umwelt und das Klima zu pflanzen ist keine alleinige L\u00f6sung f\u00fcr die Klimakrise und die damit verbundenen Herausforderungen, sondern eine gute Erg\u00e4nzung.\u00a0<\/em><br \/>\n<em>Au\u00dferdem ist es etwas Greifbares, das man direkt sehen kann, da die B\u00e4ume wachsen und wenn sich das Volumen vergr\u00f6\u00dfert, k\u00f6nnen <\/em><em>die B\u00e4ume mehr CO<sub>2<\/sub> absorbieren und damit einen gr\u00f6\u00dferen Nutzen f\u00fcr das Klima erbringen. Eine Rechnung, bei der alle gewinnen!<\/em><\/p>\n","protected":false},"excerpt":{"rendered":"<p>Pflanzen Sie B\u00e4ume, um den privaten CO2-Aussto\u00df und die Umweltauswirkungen Ihres Personals pro Jahr auszugleichen. Pauschale Berechnung, basierend auf den privaten Auswirkungen einer Person w\u00e4hrend eines Kalenderjahres: Preisplan Pflanzung: Anzahl B\u00e4ume: 160\u00a0St. pro Mitarbeiter und Jahr CO2-Aussto\u00df: \u2248 8 Tonnen pro Person und Jahr Kosten: 3040,\u2013 SEK (\u20ac34) pro Mitarbeiter im Jahr B\u00e4ume f\u00fcr die [&hellip;]<\/p>\n","protected":false},"featured_media":931,"template":"","meta":{"_acf_changed":false},"product_cat":[39],"product_tag":[],"class_list":{"0":"post-1168","1":"product","2":"type-product","3":"status-publish","4":"has-post-thumbnail","6":"product_cat-unkategorisiert","8":"first","9":"instock","10":"featured","11":"taxable","12":"shipping-taxable","13":"purchasable","14":"product-type-simple"},"acf":[],"_links":{"self":[{"href":"https:\/\/plantmore.com\/de\/wp-json\/wp\/v2\/product\/1168","targetHints":{"allow":["GET"]}}],"collection":[{"href":"https:\/\/plantmore.com\/de\/wp-json\/wp\/v2\/product"}],"about":[{"href":"https:\/\/plantmore.com\/de\/wp-json\/wp\/v2\/types\/product"}],"wp:featuredmedia":[{"embeddable":true,"href":"https:\/\/plantmore.com\/de\/wp-json\/wp\/v2\/media\/931"}],"wp:attachment":[{"href":"https:\/\/plantmore.com\/de\/wp-json\/wp\/v2\/media?parent=1168"}],"wp:term":[{"taxonomy":"product_cat","embeddable":true,"href":"https:\/\/plantmore.com\/de\/wp-json\/wp\/v2\/product_cat?post=1168"},{"taxonomy":"product_tag","embeddable":true,"href":"https:\/\/plantmore.com\/de\/wp-json\/wp\/v2\/product_tag?post=1168"}],"curies":[{"name":"wp","href":"https:\/\/api.w.org\/{rel}","templated":true}]}}