{"id":1166,"date":"2021-06-21T14:43:26","date_gmt":"2021-06-21T12:43:26","guid":{"rendered":"https:\/\/plantmore.com\/produkt\/klimatinvestera-foretagets-co%c2%b2-utslapp\/"},"modified":"2024-01-22T09:32:02","modified_gmt":"2024-01-22T08:32:02","slug":"klimatinvestera-foretagets-co%c2%b2-utslapp","status":"publish","type":"product","link":"https:\/\/plantmore.com\/de\/produkt\/klimatinvestera-foretagets-co%c2%b2-utslapp\/","title":{"rendered":"Plant <br><span class=\"green\">to absorb.<\/span>"},"content":{"rendered":"<h4><\/h4>\n<h3>Investieren Sie ins Klima, um Emissionen des Unternehmens auszugleichen.<\/h3>\n<p>Ist Ihnen der CO2-Aussto\u00df Ihres Unternehmens nicht bekannt? <a href=\"http:\/\/plantmore.com\/kontakta-oss\/\">Kontaktieren Sie uns<\/a><\/p>\n<h3>100 % Pflanzgarantie! <img decoding=\"async\" class=\"emoji lazy loaded\" style=\"vertical-align: -0.1em !important; border: none !important; width: 1em !important; height: 1em !important; max-height: 100%; max-width: 100%; min-height: 1px; margin: 0px 0.07em !important; background: none !important; padding: 0px !important;\" title=\"Plantera tr\u00e4d &lt;br&gt;f\u00f6r varje order\/s\u00e5ld vara 6\" role=\"img\" src=\"https:\/\/s.w.org\/images\/core\/emoji\/13.1.0\/svg\/1f973.svg\" alt=\"\ud83e\udd73\" data-src=\"https:\/\/s.w.org\/images\/core\/emoji\/13.1.0\/svg\/1f973.svg\" data-was-processed=\"true\" \/><img decoding=\"async\" class=\"emoji lazy loaded\" style=\"vertical-align: -0.1em !important; border: none !important; width: 1em !important; height: 1em !important; max-height: 100%; max-width: 100%; min-height: 1px; margin: 0px 0.07em !important; background: none !important; padding: 0px !important;\" title=\"Plantera tr\u00e4d &lt;br&gt;f\u00f6r varje order\/s\u00e5ld vara 7\" role=\"img\" src=\"https:\/\/s.w.org\/images\/core\/emoji\/13.1.0\/svg\/1f332.svg\" alt=\"\ud83c\udf32\" data-src=\"https:\/\/s.w.org\/images\/core\/emoji\/13.1.0\/svg\/1f332.svg\" data-was-processed=\"true\" \/><\/h3>\n<p>Mit Plantmore.com k\u00f6nnen Sie 100\u00a0% sicher sein, dass Ihre bestellten B\u00e4ume tats\u00e4chlich gepflanzt werden. Wir besitzen unsere Anbaufl\u00e4chen selbst und haben so die volle Kontrolle \u00fcber sie. Dadurch wird die Pflanzung nachverfolgbar.<\/p>\n<p><strong>Preisplan Pflanzung:<\/strong><\/p>\n<p>Anzahl B\u00e4ume: <strong>20 St.<\/strong><\/p>\n<p>CO<sub>2<\/sub>-Aussto\u00df: <strong>1 Tonne<\/strong><\/p>\n<p>Kosten: <strong>380,\u2013 SEK \/Tonne CO2<\/strong><\/p>\n<p><em>Erfahren Sie mehr \u00fcber <a href=\"https:\/\/plantmore.com\/de\/klimatkompensera\/\">Klimakompensationen<\/a>.<\/em><\/p>\n","protected":false},"excerpt":{"rendered":"<p>Investieren Sie ins Klima, um Emissionen des Unternehmens auszugleichen. Ist Ihnen der CO2-Aussto\u00df Ihres Unternehmens nicht bekannt? Kontaktieren Sie uns 100 % Pflanzgarantie! Mit Plantmore.com k\u00f6nnen Sie 100\u00a0% sicher sein, dass Ihre bestellten B\u00e4ume tats\u00e4chlich gepflanzt werden. Wir besitzen unsere Anbaufl\u00e4chen selbst und haben so die volle Kontrolle \u00fcber sie. Dadurch wird die Pflanzung nachverfolgbar. [&hellip;]<\/p>\n","protected":false},"featured_media":2684,"template":"","meta":{"_acf_changed":false},"product_brand":[],"product_cat":[39],"product_tag":[],"class_list":{"0":"post-1166","1":"product","2":"type-product","3":"status-publish","4":"has-post-thumbnail","6":"product_cat-unkategorisiert","8":"first","9":"instock","10":"featured","11":"taxable","12":"shipping-taxable","13":"purchasable","14":"product-type-simple"},"acf":[],"_links":{"self":[{"href":"https:\/\/plantmore.com\/de\/wp-json\/wp\/v2\/product\/1166","targetHints":{"allow":["GET"]}}],"collection":[{"href":"https:\/\/plantmore.com\/de\/wp-json\/wp\/v2\/product"}],"about":[{"href":"https:\/\/plantmore.com\/de\/wp-json\/wp\/v2\/types\/product"}],"wp:featuredmedia":[{"embeddable":true,"href":"https:\/\/plantmore.com\/de\/wp-json\/wp\/v2\/media\/2684"}],"wp:attachment":[{"href":"https:\/\/plantmore.com\/de\/wp-json\/wp\/v2\/media?parent=1166"}],"wp:term":[{"taxonomy":"product_brand","embeddable":true,"href":"https:\/\/plantmore.com\/de\/wp-json\/wp\/v2\/product_brand?post=1166"},{"taxonomy":"product_cat","embeddable":true,"href":"https:\/\/plantmore.com\/de\/wp-json\/wp\/v2\/product_cat?post=1166"},{"taxonomy":"product_tag","embeddable":true,"href":"https:\/\/plantmore.com\/de\/wp-json\/wp\/v2\/product_tag?post=1166"}],"curies":[{"name":"wp","href":"https:\/\/api.w.org\/{rel}","templated":true}]}}