{"id":1082,"date":"2021-08-06T18:34:01","date_gmt":"2021-08-06T16:34:01","guid":{"rendered":"https:\/\/plantmore.com\/produkt\/certifikat-present-till-foretag\/"},"modified":"2024-06-17T09:42:52","modified_gmt":"2024-06-17T07:42:52","slug":"unternehmensgeschenk","status":"publish","type":"product","link":"https:\/\/plantmore.com\/de\/produkt\/unternehmensgeschenk\/","title":{"rendered":"Ein umweltfreundlicheres Unternehmensgeschenk!"},"content":{"rendered":"<h4>5\/5 &#8211; \u2b50\ufe0f\u2b50\ufe0f\u2b50\ufe0f\u2b50\ufe0f\u2b50\ufe0f<\/h4>\n<h4><b>Ein umweltfreundlicheres Unternehmensgeschenk. Pflanzen Sie B\u00e4ume und tun Sie etwas Gutes, f\u00fcr das Klima, die Menschen und die Zukunft!<\/b><\/h4>\n<p>Machen Sie Kunden und Partnern ein Geschenk, das gut ankommt und lange h\u00e4lt. Ein sinnvolles Geschenk.<\/p>\n<p>Der umweltfreundliche Beweis, dass Sie einen Beitrag leisten, indem Sie B\u00e4ume in einer Region in Europa pflanzen, die sowohl mehr Arbeitspl\u00e4tze als auch gr\u00fcnes Wachstum braucht.<br \/>\nUnsere nachhaltige Spende sorgt daf\u00fcr, dass in der unmittelbaren Umgebung neue B\u00e4ume gepflanzt werden und Sie erhalten ein digitales PDF\/Zertifikat und eine digitale Nachverfolgung.<\/p>\n<p>F\u00fcr das Klima \u2013 und Ihre fantastischen Kunden!<\/p>\n<h3><span style=\"vertical-align: inherit;\">100 % Pflanzgarantie! \ud83e\udd73\ud83c\udf32<\/span><\/h3>\n<p>Bei Plantmore k\u00f6nnen Sie zu 100 % sicher sein, dass die von Ihnen bestellten B\u00e4ume auch tats\u00e4chlich gepflanzt werden. Mit digitaler Verfolgung, Koordinaten und einer API haben wir die Kontrolle \u00fcber das Land, die Pflanzen und die Bepflanzung,<br \/>\ndar\u00fcber hinaus filmen, fotografieren und dokumentieren wir den Prozess. Dar\u00fcber hinaus wollen wir uns stets verbessern. Gemeinsam k\u00f6nnen wir wirklich etwas bewirken!<\/p>\n<p><strong>Preisplan f\u00fcr Zertifikat plus Pflanzung:<\/strong><\/p>\n<p>CO2-Nutzen: <strong>1 Tonnen pro 20 B\u00e4ume.<br \/>\n<\/strong>Kosten: <strong>47,5,\u2013 Euro pro Geschenk<\/strong><\/p>\n<p><em>Ein Zertifikat, das bezeugt, dass Sie ins Klima investieren, indem Sie B\u00e4ume pflanzen, welche die Umweltauswirkungen Ihrer Kunden ausgleichen.<br \/>\n<\/em><em>Das Zertifikat wird als PDF mit hoher Aufl\u00f6sung geliefert und kann einfach ausgedruckt und eingerahmt werden (21 x 29,7 cm, A4-Gr\u00f6\u00dfe).<br \/>\n<\/em><em>In einem Rahmen kann es au\u00dferdem den Eingangsbereich der Kunden, eine Wand, den Empfang oder die Kaffeeecke schm\u00fccken.<\/em><\/p>\n<p>Geschenk Unternehmen \/ Unternehmensgeschenk, das gut ankommt!<\/p>\n","protected":false},"excerpt":{"rendered":"<p>5\/5 &#8211; \u2b50\ufe0f\u2b50\ufe0f\u2b50\ufe0f\u2b50\ufe0f\u2b50\ufe0f Ein umweltfreundlicheres Unternehmensgeschenk. Pflanzen Sie B\u00e4ume und tun Sie etwas Gutes, f\u00fcr das Klima, die Menschen und die Zukunft! Machen Sie Kunden und Partnern ein Geschenk, das gut ankommt und lange h\u00e4lt. Ein sinnvolles Geschenk. Der umweltfreundliche Beweis, dass Sie einen Beitrag leisten, indem Sie B\u00e4ume in einer Region in Europa pflanzen, [&hellip;]<\/p>\n","protected":false},"featured_media":4254,"template":"","meta":{"_acf_changed":false},"product_cat":[39],"product_tag":[43,44],"class_list":{"0":"post-1082","1":"product","2":"type-product","3":"status-publish","4":"has-post-thumbnail","6":"product_cat-unkategorisiert","7":"product_tag-present-foretag-de","8":"product_tag-present-plantera-trad-de","10":"first","11":"instock","12":"virtual","13":"taxable","14":"purchasable","15":"product-type-simple"},"acf":[],"_links":{"self":[{"href":"https:\/\/plantmore.com\/de\/wp-json\/wp\/v2\/product\/1082","targetHints":{"allow":["GET"]}}],"collection":[{"href":"https:\/\/plantmore.com\/de\/wp-json\/wp\/v2\/product"}],"about":[{"href":"https:\/\/plantmore.com\/de\/wp-json\/wp\/v2\/types\/product"}],"wp:featuredmedia":[{"embeddable":true,"href":"https:\/\/plantmore.com\/de\/wp-json\/wp\/v2\/media\/4254"}],"wp:attachment":[{"href":"https:\/\/plantmore.com\/de\/wp-json\/wp\/v2\/media?parent=1082"}],"wp:term":[{"taxonomy":"product_cat","embeddable":true,"href":"https:\/\/plantmore.com\/de\/wp-json\/wp\/v2\/product_cat?post=1082"},{"taxonomy":"product_tag","embeddable":true,"href":"https:\/\/plantmore.com\/de\/wp-json\/wp\/v2\/product_tag?post=1082"}],"curies":[{"name":"wp","href":"https:\/\/api.w.org\/{rel}","templated":true}]}}