{"id":1153,"date":"2021-09-30T16:52:50","date_gmt":"2021-06-17T09:14:47","guid":{"rendered":"https:\/\/plantmore.com\/hem\/"},"modified":"2025-05-13T22:46:47","modified_gmt":"2025-05-13T20:46:47","slug":"heim","status":"publish","type":"page","link":"https:\/\/plantmore.com\/de\/","title":{"rendered":"Heim"},"content":{"rendered":"<div class=\"ccvoYb EjH7wc\">\n<div class=\"AxqVh\">\n<div class=\"OPPzxe\">\n<div class=\"QcsUad BDJ8fb BLojaf\">\n<div class=\"XL3Kf\">\n<div class=\"a8FIud X0rvP L6rCcb\">\n<div data-show-delay-ms=\"250\" data-append-to-body=\"false\" data-propagate-tooltip-mouseover-events=\"true\" data-anchor-corner=\"bottom-end\" data-enable-skip-handler=\"false\" data-popup-corner=\"top-end\">\n<div>\n<h2 class=\"VfPpkd-Bz112c-RLmnJb\">Wie pflanzt man B\u00e4ume?<\/h2>\n<\/div>\n<\/div>\n<\/div>\n<\/div>\n<div class=\"usGWQd\" aria-live=\"polite\">\n<div class=\"KkbLmb\">\n<div class=\"lRu31\"><span class=\"HwtZe\" lang=\"de\"><span class=\"jCAhz ChMk0b\"><span class=\"ryNqvb\">Ganz einfach, Sie bestellen das Pflanzen von B\u00e4umen \u00fcber Plantmore.com und wir k\u00fcmmern uns um den Rest.<\/span><\/span> <span class=\"jCAhz ChMk0b\"><span class=\"ryNqvb\">Wir geben 100% Pflanzgarantie, damit Sie auf der sicheren Seite sind, wir pflanzen B\u00e4ume f\u00fcr das Klima, als Klimaausgleich und Klimainvestition.<\/span><\/span><br \/>\n<span class=\"jCAhz ChMk0b\"><span class=\"ryNqvb\">Dar\u00fcber hinaus k\u00fcmmern wir uns um Dokumentation, Film, Bilder, erstellen Zertifikate f\u00fcr die Kunden, die dies w\u00fcnschen, und stellen sicher, dass die Pflanzungen sowohl physisch vor Ort als auch digital nachverfolgt werden, wo Sie Zahlen von Ihrer positiven Wirkung teilen k\u00f6nnen.<\/span><\/span> <\/span><\/div>\n<div><\/div>\n<div class=\"lRu31\"><span class=\"HwtZe\" lang=\"de\"><span class=\"jCAhz ChMk0b\"><span class=\"ryNqvb\">Wenn Sie Hilfe brauchen:<a href=\"https:\/\/plantmore.com\/de\/kontaktieren-sie-uns\/\"> Kontaktieren Sie uns!<\/a><\/span><\/span> <\/span><\/div>\n<div><\/div>\n<h2 class=\"lRu31\"><span class=\"HwtZe\" lang=\"de\"><span class=\"jCAhz ChMk0b\"><span class=\"ryNqvb\">Wie viele B\u00e4ume werden in Schweden gepflanzt?<\/span><\/span> <\/span><\/h2>\n<div class=\"lRu31\"><span class=\"HwtZe\" lang=\"de\"><span class=\"jCAhz ChMk0b\"><span class=\"ryNqvb\">In Schweden gibt es sch\u00e4tzungsweise 87 Milliarden B\u00e4ume und jedes Jahr werden etwa 380 Millionen B\u00e4ume gepflanzt.<\/span><\/span> <span class=\"jCAhz ChMk0b\"><span class=\"ryNqvb\">Dies ist jedoch durch ein Waldschutzgesetz geregelt, was lediglich bedeutet, dass gef\u00e4llte B\u00e4ume neu gepflanzt werden, weil es das Gesetz vorschreibt.<\/span><\/span> <span class=\"jCAhz ChMk0b\"><span class=\"ryNqvb\">F\u00fcr jeden entfernten Baum werden zwei neu gepflanzt, aber dort, wo schon Wald war.<\/span><\/span> <span class=\"jCAhz ChMk0b\"><span class=\"ryNqvb\">Was Plantmore.com tut, ist, Land in der unmittelbaren Umgebung innerhalb der EU zu finden, das \u00fcberhaupt nicht genutzt wird oder bewaldet, aber nicht neu bepflanzt wurde, und netto neue W\u00e4lder zu schaffen.<\/span><\/span> <span class=\"jCAhz ChMk0b\"><span class=\"ryNqvb\">Das hei\u00dft = ohne Plantmore, keine neuen W\u00e4lder an diesen Orten.<\/span><\/span><\/span><\/div>\n<div class=\"UdTY9 WdefRb\" aria-hidden=\"true\" data-location=\"2\">\n<div class=\"kO6q6e\"><\/div>\n<\/div>\n<div class=\"VO9ucd\">\n<div class=\"aJIq1d\" data-language-code=\"de\" data-language-name=\"tyska\" data-text=\"Wie pflanzt man B\u00e4ume? Ganz einfach, Sie bestellen das Pflanzen von B\u00e4umen \u00fcber Plantmore.com und wir k\u00fcmmern uns um den Rest. Wir geben 100% Pflanzgarantie, damit Sie auf der sicheren Seite sind, wir pflanzen B\u00e4ume f\u00fcr das Klima, als Klimaausgleich und Klimainvestition. Dar\u00fcber hinaus k\u00fcmmern wir uns um Dokumentation, Film, Bilder, erstellen Zertifikate f\u00fcr die Kunden, die dies w\u00fcnschen, und stellen sicher, dass die Pflanzungen sowohl physisch vor Ort als auch digital nachverfolgt werden, wo Sie Zahlen von Ihrer positiven Wirkung teilen k\u00f6nnen. Wenn Sie Hilfe brauchen: Kontaktieren Sie uns! Wie viele B\u00e4ume werden in Schweden gepflanzt? In Schweden gibt es sch\u00e4tzungsweise 87 Milliarden B\u00e4ume und jedes Jahr werden etwa 380 Millionen B\u00e4ume gepflanzt. Dies ist jedoch durch ein Waldschutzgesetz geregelt, was lediglich bedeutet, dass gef\u00e4llte B\u00e4ume neu gepflanzt werden, weil es das Gesetz vorschreibt. F\u00fcr jeden entfernten Baum werden zwei neu gepflanzt, aber dort, wo schon Wald war. Was Plantmore.com tut, ist, Land in der unmittelbaren Umgebung innerhalb der EU zu finden, das \u00fcberhaupt nicht genutzt wird oder bewaldet, aber nicht neu bepflanzt wurde, und netto neue W\u00e4lder zu schaffen. Das hei\u00dft = ohne Plantmore, keine neuen W\u00e4lder an diesen Orten.\" data-crosslingual-hint=\"\" data-location=\"2\" data-enable-toggle-playback-speed=\"true\" data-results-count=\"1\" data-result-index=\"1\">\n<div class=\"m0Qfkd\">\n<div class=\"VfPpkd-Bz112c-Jh9lGc\">\n<h2>Wie arbeiten Sie mit der Artenvielfalt?<\/h2>\n<p>Wir bei Plantmore.com haben weitreichende Arbeiten zu einem komplexen Thema.<\/p>\n<p>Plantmore besch\u00e4ftigt sich aktiv mit dem Thema Biodiversit\u00e4t, was ganz einfach unter anderem bedeutet, dass wir mehr als nur B\u00e4ume pflanzen \u2013 auch wenn wir haupts\u00e4chlich \u00fcber die B\u00e4ume reden.<br \/>\nWir pflanzen Str\u00e4ucher, Feldfr\u00fcchte, verschiedene B\u00e4ume und lassen Teile des Landes stehen, d. h. frei wachsen.<br \/>\nDie kurze Antwort ist, dass wir \u201edas Land entscheiden\u201c lassen, was bedeutet, dass wir uns an die \u00f6rtlichen Gegebenheiten anpassen und pflanzen, was passt \u2013 und auch verschiedene Pflanzen mischen und neu erschaffen.<br \/>\nWir berechnen B\u00e4ume, pflanzen aber auch andere Dinge. Unser Ziel ist es, einen gr\u00fcneren Planeten zu schaffen, der nat\u00fcrlich auf einer langfristigen Perspektive und mit dem Ziel basiert, eine Breite dar\u00fcber zu schaffen, was, wo, wann, wie und wer pflanzt.<\/p>\n<p>Mit hoher Transparenz und Einsicht dokumentieren wir und versuchen uns stets zu verbessern.<\/p>\n<\/div>\n<div class=\"VfPpkd-Bz112c-RLmnJb\"><\/div>\n<div id=\"ucc-10\" class=\"EY8ABd-OWXEXe-TAWMXe\" role=\"tooltip\" aria-hidden=\"true\"><\/div>\n<\/div>\n<\/div>\n<div class=\"YJGJsb\">\n<div class=\"VfPpkd-Bz112c-Jh9lGc\"><\/div>\n<div class=\"VfPpkd-Bz112c-RLmnJb\"><\/div>\n<div id=\"ucc-11\" class=\"EY8ABd-OWXEXe-TAWMXe\" role=\"tooltip\" aria-hidden=\"true\"><\/div>\n<div>\n<div data-show-delay-ms=\"250\" data-append-to-body=\"true\" data-propagate-tooltip-mouseover-events=\"true\" data-anchor-corner=\"bottom-left\" data-enable-skip-handler=\"false\" data-popup-corner=\"top-left\">\n<div>\n<div class=\"VfPpkd-Bz112c-Jh9lGc\"><\/div>\n<div class=\"VfPpkd-Bz112c-RLmnJb\"><\/div>\n<\/div>\n<\/div>\n<\/div>\n<div class=\"VfPpkd-Bz112c-Jh9lGc\"><\/div>\n<div class=\"VfPpkd-Bz112c-RLmnJb\"><\/div>\n<div id=\"tt-c45\" class=\"EY8ABd-OWXEXe-TAWMXe\" role=\"tooltip\" aria-hidden=\"true\"><\/div>\n<\/div>\n<\/div>\n<\/div>\n<\/div>\n<\/div>\n<\/div>\n<\/div>\n<\/div>\n<div class=\"kGmWO\"><\/div>\n","protected":false},"excerpt":{"rendered":"<p>Wie pflanzt man B\u00e4ume? Ganz einfach, Sie bestellen das Pflanzen von B\u00e4umen \u00fcber Plantmore.com und wir k\u00fcmmern uns um den Rest. Wir geben 100% Pflanzgarantie, damit Sie auf der sicheren Seite sind, wir pflanzen B\u00e4ume f\u00fcr das Klima, als Klimaausgleich und Klimainvestition. Dar\u00fcber hinaus k\u00fcmmern wir uns um Dokumentation, Film, Bilder, erstellen Zertifikate f\u00fcr die [&hellip;]<\/p>\n","protected":false},"author":3,"featured_media":0,"parent":0,"menu_order":7,"comment_status":"closed","ping_status":"closed","template":"","meta":{"_acf_changed":false,"footnotes":""},"class_list":["post-1153","page","type-page","status-publish","hentry"],"acf":[],"_links":{"self":[{"href":"https:\/\/plantmore.com\/de\/wp-json\/wp\/v2\/pages\/1153","targetHints":{"allow":["GET"]}}],"collection":[{"href":"https:\/\/plantmore.com\/de\/wp-json\/wp\/v2\/pages"}],"about":[{"href":"https:\/\/plantmore.com\/de\/wp-json\/wp\/v2\/types\/page"}],"author":[{"embeddable":true,"href":"https:\/\/plantmore.com\/de\/wp-json\/wp\/v2\/users\/3"}],"replies":[{"embeddable":true,"href":"https:\/\/plantmore.com\/de\/wp-json\/wp\/v2\/comments?post=1153"}],"version-history":[{"count":0,"href":"https:\/\/plantmore.com\/de\/wp-json\/wp\/v2\/pages\/1153\/revisions"}],"wp:attachment":[{"href":"https:\/\/plantmore.com\/de\/wp-json\/wp\/v2\/media?parent=1153"}],"curies":[{"name":"wp","href":"https:\/\/api.w.org\/{rel}","templated":true}]}}